{"id":1274,"date":"2019-10-17T08:13:04","date_gmt":"2019-10-17T08:13:04","guid":{"rendered":"http:\/\/astro.uni-frankfurt.de\/rezzolla\/?page_id=1274"},"modified":"2020-05-04T08:06:05","modified_gmt":"2020-05-04T08:06:05","slug":"theoretische-physik-i","status":"publish","type":"page","link":"https:\/\/astro.uni-frankfurt.de\/rezzolla\/theoretische-physik-i\/","title":{"rendered":"Theoretische Physik I"},"content":{"rendered":"<h2 title=\"Page 1\"><span style=\"font-size: 14pt;\"><strong>Winter Semester 2019\/2020<\/strong><\/span><\/h2>\n<div title=\"Page 1\"><span style=\"font-size: 14pt;\"><strong>Thur, 12:00-14:00,\u00a0<a class=\"regular\" title=\"Details ansehen zu Raum OSZ H2\" href=\"https:\/\/qis.server.uni-frankfurt.de\/qisserver\/rds?state=verpublish&amp;status=init&amp;vmfile=no&amp;moduleCall=webInfo&amp;publishConfFile=webInfoRaum&amp;publishSubDir=raum&amp;keep=y&amp;raum.rgid=5609\">Otto-Stern-Zentrum (IZR) &#8211; OSZ H2<\/a><\/strong><\/span><\/div>\n<div title=\"Page 1\"><strong style=\"font-size: 14pt; letter-spacing: 0px;\">Frid, 10:00-12:00, <a class=\"regular\" title=\"Details ansehen zu Raum OSZ H1\" href=\"https:\/\/qis.server.uni-frankfurt.de\/qisserver\/rds?state=verpublish&amp;status=init&amp;vmfile=no&amp;moduleCall=webInfo&amp;publishConfFile=webInfoRaum&amp;publishSubDir=raum&amp;keep=y&amp;raum.rgid=5608\">Otto-Stern-Zentrum (IZR) &#8211; OSZ H1<\/a><\/strong><\/div>\n<div title=\"Page 1\">\u00a0<\/div>\n<div title=\"Page 1\"><strong style=\"font-size: 14pt; letter-spacing: 0px;\">Lecture notes<\/strong><\/div>\n<div title=\"Page 1\"><span style=\"font-size: 12pt;\"><a href=\"https:\/\/itp.uni-frankfurt.de\/~rezzolla\/VTH1\/WS_2019\/lnotes\/week_01.pdf\">Week 1<\/a>, <a href=\"https:\/\/itp.uni-frankfurt.de\/~rezzolla\/VTH1\/WS_2019\/lnotes\/week_02.pdf\">Week 2<\/a>, <a href=\"https:\/\/itp.uni-frankfurt.de\/~rezzolla\/VTH1\/WS_2019\/lnotes\/week_03.pdf\">Week 3<\/a>, <a href=\"https:\/\/itp.uni-frankfurt.de\/~rezzolla\/VTH1\/WS_2019\/lnotes\/week_04.pdf\">Week 4<\/a>, <a href=\"https:\/\/itp.uni-frankfurt.de\/~rezzolla\/VTH1\/WS_2019\/lnotes\/week_05.pdf\">Week 5<\/a>,\u00a0<a href=\"https:\/\/itp.uni-frankfurt.de\/~rezzolla\/VTH1\/WS_2019\/lnotes\/week_06.pdf\">Week 6<\/a>, \u00a0<a href=\"https:\/\/itp.uni-frankfurt.de\/~rezzolla\/VTH1\/WS_2019\/lnotes\/week_07.pdf\">Week 7<\/a>, \u00a0<a href=\"https:\/\/itp.uni-frankfurt.de\/~rezzolla\/VTH1\/WS_2019\/lnotes\/week_08.pdf\">Week 8<\/a>, <a href=\"https:\/\/itp.uni-frankfurt.de\/~rezzolla\/VTH1\/WS_2019\/lnotes\/week_09.pdf\">Week 9<\/a>, <a href=\"https:\/\/itp.uni-frankfurt.de\/~rezzolla\/VTH1\/WS_2019\/lnotes\/week_10.pdf\">Week 10<\/a>, <a href=\"https:\/\/itp.uni-frankfurt.de\/~rezzolla\/VTH1\/WS_2019\/lnotes\/week_11.pdf\">Week 11<\/a>, <a href=\"https:\/\/itp.uni-frankfurt.de\/~rezzolla\/VTH1\/WS_2019\/lnotes\/week_12.pdf\">Week 12, <\/a><a href=\"https:\/\/itp.uni-frankfurt.de\/~rezzolla\/VTH1\/WS_2019\/lnotes\/week_13.pdf\">Week 13, <\/a><a href=\"https:\/\/itp.uni-frankfurt.de\/~rezzolla\/VTH1\/WS_2019\/lnotes\/week_14.pdf\">Week 14, <\/a><a href=\"https:\/\/itp.uni-frankfurt.de\/~rezzolla\/VTH1\/WS_2019\/lnotes\/week_15.pdf\">Week 15.<\/a><\/span><\/div>\n<div title=\"Page 1\">\u00a0<\/div>\n<div title=\"Page 1\">\n<p><span style=\"font-size: 14pt;\"><strong>Exercises\u00a0lead by Dr. A. Tripolt<span style=\"font-size: 14pt;\"> (<\/span><\/strong><strong>Room: 02.138, \u00a0\u00a0<a href=\"mailto:tripolt@itp.uni-frankfurt.de\">tripolt@itp.uni-frankfurt.de)<\/a><\/strong><\/span><br \/><span style=\"font-size: 12pt;\"><a href=\"https:\/\/itp.uni-frankfurt.de\/~rezzolla\/VTH1\/WS_2019\/exercises\/week_01.pdf\">Week 1<\/a>, <a href=\"https:\/\/itp.uni-frankfurt.de\/~rezzolla\/VTH1\/WS_2019\/exercises\/week_02.pdf\">Week 2<\/a>, <a href=\"https:\/\/itp.uni-frankfurt.de\/~rezzolla\/VTH1\/WS_2019\/exercises\/week_03.pdf\">Week 3<\/a>, <a href=\"https:\/\/itp.uni-frankfurt.de\/~rezzolla\/VTH1\/WS_2019\/exercises\/week_04.pdf\">Week 4<\/a>,\u00a0<a href=\"https:\/\/itp.uni-frankfurt.de\/~rezzolla\/VTH1\/WS_2019\/exercises\/week_05.pdf\">Week 5<\/a>, <a href=\"https:\/\/itp.uni-frankfurt.de\/~rezzolla\/VTH1\/WS_2019\/exercises\/week_06.pdf\">Week 6<\/a>, <a href=\"https:\/\/itp.uni-frankfurt.de\/~rezzolla\/VTH1\/WS_2019\/exercises\/week_07.pdf\">Week 7<\/a>, <a href=\"https:\/\/itp.uni-frankfurt.de\/~rezzolla\/VTH1\/WS_2019\/exercises\/week_08.pdf\">Week 8<\/a>, <a href=\"https:\/\/itp.uni-frankfurt.de\/~rezzolla\/VTH1\/WS_2019\/exercises\/week_09.pdf\">Week 9<\/a>, <a href=\"https:\/\/itp.uni-frankfurt.de\/~rezzolla\/VTH1\/WS_2019\/exercises\/week_10.pdf\">Week 10, <\/a> <a href=\"https:\/\/itp.uni-frankfurt.de\/~rezzolla\/VTH1\/WS_2019\/exercises\/week_11.pdf\">Week 11,<\/a> <a href=\"https:\/\/itp.uni-frankfurt.de\/~rezzolla\/VTH1\/WS_2019\/exercises\/week_12.pdf\">Week 12,<\/a> <a href=\"https:\/\/itp.uni-frankfurt.de\/~rezzolla\/VTH1\/WS_2019\/exercises\/week_13.pdf\">Week 13.<\/a><\/span><\/p>\n<div title=\"Page 1\">\n<div title=\"Page 1\">\n<div title=\"Page 1\"><span style=\"font-size: 14pt;\"><strong>Evaluation <a href=\"https:\/\/itp.uni-frankfurt.de\/~rezzolla\/VTH1\/WS_2019\/lnotes\/VTH1_evaluation.pdf\">CQR code<\/a><\/strong><\/span><\/div>\n<div title=\"Page 1\">\n<div title=\"Page 1\">\u00a0<\/div>\n<\/div>\n<\/div>\n<\/div>\n<\/div>\n<div title=\"Page 1\">\n<div title=\"Page 1\"><span style=\"font-size: 14pt;\"><strong>Changes to this schedule are reported in the <a href=\"https:\/\/qis.server.uni-frankfurt.de\/qisserver\/rds?state=verpublish&amp;status=init&amp;vmfile=no&amp;publishid=276810&amp;moduleCall=webInfo&amp;publishConfFile=webInfo&amp;publishSubDir=veranstaltung&amp;xmlheader=&amp;menuid=editlectures\">Hochschulportal<\/a><\/strong><\/span><\/div>\n<div title=\"Page 1\">\n<div title=\"Page 1\">\u00a0<\/div>\n<\/div>\n<\/div>\n<div title=\"Page 1\">\n<div class=\"page\" title=\"Page 19\">\n<div class=\"section\">\n<div class=\"layoutArea\">\n<div class=\"column\">\n<p><strong><span style=\"font-size: 14pt;\">Inhalt<\/span><\/strong><\/p>\n<p><span style=\"font-size: 12pt;\">Vektorrechnung (Beispiel: Newtonsche Bewegungsgleichungen, Kreisbewegung, Drehimpuls), lineare Differentialgleichungen, komplexe Zahlen (Beispiel: harmonischer Oszillator), elementare Vektoranalysis und Kurvenintegrale (Beispiel: konservative Kr\u00e4fte), krummlinige Koordinaten, Koordinatentransformationen (Beispiel: Galilei-Transformation, Scheinkr\u00e4fte), Matrizen (Beispiel: Drehmatrizen, spezielle Relativit\u00e4tstheorie), einfache Eigenwertprobleme.<\/span><\/p>\n<div class=\"page\" title=\"Page 19\">\n<div class=\"section\">\n<div class=\"layoutArea\">\n<div class=\"column\">\n<p><strong><span style=\"font-size: 14pt;\">Lernergebnisse\/Kompetenzziele<\/span><\/strong><\/p>\n<div class=\"page\" title=\"Page 19\">\n<div class=\"section\">\n<div class=\"layoutArea\">\n<div class=\"column\">\n<p><span style=\"font-size: 12pt;\">Das Modul legt die mathematischen Grundlagen f\u00fcr alle weiteren Vorlesungen der theoretischen Physik. Die Studierenden lernen die wichtigsten Techniken zur L\u00f6sung der physikalischen Grundgleichungen in praktischen Problemen aus der Mechanik. Au\u00dferdem werden die physikalischen Grundkonzepte f\u00fcr die Beschreibung der Natur eingef\u00fchrt, wie Raum und Zeit, Naturgesetze als Differentialgleichungen und typische Abstraktionen der Physik wie Punktteilchen.<\/span><\/p>\n<div><span style=\"font-size: 14pt;\"><strong>Additional Information\u00a0<\/strong><\/span><\/div>\n<\/div>\n<div>Vorlesungsbeginn ist Donnerstag, der 17.10.2019.<br \/>Tutorien beginnen am Montag, den 21.10.2019.<br \/>Tutorien sind auf max. 15 Personen beschr\u00e4nkt.<br \/>Die \u00dcbungsbl\u00e4tter werden online zur Verf\u00fcgung gestellt.<br \/>Die Abgabe der Haus\u00fcbungen erfolgt jeweils <span style=\"color: #666699;\">Donnerstags<\/span> zu Beginn der Vorlesung.\n<div>\u00a0<\/div>\n<div>Klausurtermine:<\/div>\n<div>Klausur: Freitag, 13.3., 10:00-12:00, OSZ H1 und H2<\/div>\n<div>\n<div>Bekanntgabe der Ergebnisse der Klausur: \u00fcber das QIS Hochschulportal<\/div>\n<div>\n<div>Einsicht zur Klausur: auf Anfrage<\/div>\n<div>\u00a0<\/div>\n<\/div>\n<\/div>\n<div><strong style=\"color: #ff0000;\">Nachklausur: Freitag, 19.6., 13:30-15:30, OSZ H2 und H3<\/strong><\/div>\n<div><strong style=\"color: #ff0000;\">Bekanntgabe der Ergebnisse der Nachklausur: \u00fcber das QIS Hochschulportal<\/strong><\/div>\n<div><strong style=\"color: #ff0000;\">Einsicht zur Nachklausur: auf Anfrage<\/strong><\/div>\n<div>\u00a0<\/div>\n<div>Es handelt sich um eine unbenotete Studienleistung. Daher m\u00fcssen sich die Studierenden nicht f\u00fcr die Klausur anmelden. Alle Studierenden, die einen Teilnahmenachweis haben, k\u00f6nnen an der Klausur teilnehmen, m\u00fcssen sich aber mit der Goethecard ausweisen. Die Studierenden k\u00f6nnen au\u00dferdem an beiden Klausuren, also Klausur und Nachklausur, teilnehmen.<\/div>\n<div>\n<p>Zugelassene Hilsmittel bei den Klausuren: ein selbstbeschriebenes Blatt A4 (beidseitig).<\/p>\n<p>Papier zur Bearbeitung der Aufgaben wird bereitgestellt.<\/p>\n<p>&#8212;&#8212;&#8212;&#8212;&#8212;&#8212;&#8212;&#8212;&#8212;&#8211;<\/p>\n<p>Die zu erbringenden Studiennachweise sind:<\/p>\n<p>(a) Teilnahmenachweis: Regelm\u00e4\u00dfige Teilnahme an den \u00dcbungen (nicht mehr als zwei Mal fehlen).<\/p>\n<p>(b) Leistungsnachweis: Bestehen der unbenoteten Klausur am Ende des Semesters.<\/p>\n<p>Zulassungsvoraussetzung f\u00fcr die Klausur ist die Anwesenheit in den Tutorien. Die Bearbeitung der \u00dcbungsbl\u00e4tter sowie das Vorrechnen der \u00dcbungsaufgaben wird empfohlen und gibt den Studierenden die M\u00f6glichkeit, Bonuspunkte f\u00fcr die Klausur zu sammeln.<\/p>\n<p>Der Leistungsnachweis wird erteilt, wenn gen\u00fcgend Klausurpunkte (mindestens 50 von 100) erreicht wurden.<\/p>\n<p>F\u00fcr jedes erfolgreich bearbeitete \u00dcbungsblatt ist 1 Bonuspunkt f\u00fcr die Klausur zu erreichen (&gt;=10 Punkte: halber Bonuspunkt, &gt;=15 Punkte: ganzer Bonuspunkt). Au\u00dferdem gibt es einen Bonuspunkt f\u00fcr das Vorrechnen einer \u00dcbungsaufgabe an der Tafel (maximal 3). Es wird 13 \u00dcbungsbl\u00e4tter geben. Daher sind bis zu 16 Bonuspunkte m\u00f6glich. Damit w\u00fcrden zum Beispiel 34 Punkte auf die Klausur zusammen mit 16 Bonuspunkten ausreichen um den Leistungsnachweis zu erhalten.<\/p>\n<p>Studierende, die bereits in fr\u00fcheren Semestern eine Zulassungsberechtigung zur Klausur erworben haben, m\u00fcssen nicht erneut an den \u00dcbungen teilnehmen. Es wird allerdings empfohlen, die \u00dcbungen dennoch zu besuchen.<\/p>\n<p>&#8212;&#8212;&#8212;&#8212;&#8212;&#8212;&#8212;&#8212;&#8212;&#8212;-<\/p>\n<p>Homepage zur Vorlesung: <a href=\"https:\/\/astro.uni-frankfurt.de\/rezzolla\/theoretische-physik-i\/\">https:\/\/astro.uni-frankfurt.de\/rezzolla\/theoretische-physik-i\/<\/a><\/p>\n<p>Details zu den Gruppen und R\u00e4umen: <a href=\"https:\/\/qis.server.uni-frankfurt.de\/qisserver\/rds?state=verpublish&amp;status=init&amp;vmfile=no&amp;publishid=282237&amp;moduleCall=webInfo&amp;publishConfFile=webInfo&amp;publishSubDir=veranstaltung\">https:\/\/qis.server.uni-frankfurt.de\/qisserver\/rds?state=verpublish&amp;status=init&amp;vmfile=no&amp;publishid=282237&amp;moduleCall=webInfo&amp;publishConfFile=webInfo&amp;publishSubDir=veranstaltung<\/a><\/p>\n<p>Details zur Vorlesung: <a href=\"https:\/\/qis.server.uni-frankfurt.de\/qisserver\/rds?state=verpublish&amp;status=init&amp;vmfile=no&amp;publishid=276810&amp;moduleCall=webInfo&amp;publishConfFile=webInfo&amp;publishSubDir=veranstaltung\">https:\/\/qis.server.uni-frankfurt.de\/qisserver\/rds?state=verpublish&amp;status=init&amp;vmfile=no&amp;publishid=276810&amp;moduleCall=webInfo&amp;publishConfFile=webInfo&amp;publishSubDir=veranstaltung<\/a><\/p>\n<p>Kontakt:<\/p>\n<p>Dr. Ralf-Arno Tripolt<br \/>Room: 02.138<br \/>E-Mail: <a href=\"mailto:tripolt@itp.uni-frankfurt.de\">tripolt@itp.uni-frankfurt.de<\/a><\/p>\n<\/div>\n<\/div>\n<\/div>\n<\/div>\n<\/div>\n<\/div>\n<\/div>\n<\/div>\n<\/div>\n<\/div>\n<\/div>\n<\/div>\n<\/div>\n<\/div>\n\n","protected":false},"excerpt":{"rendered":"<p>Winter Semester 2019\/2020 Thur, 12:00-14:00,\u00a0Otto-Stern-Zentrum (IZR) &#8211; OSZ H2 Frid, 10:00-12:00, Otto-Stern-Zentrum (IZR) &#8211; OSZ H1 \u00a0 Lecture notes Week 1, Week 2, Week 3, Week 4, Week 5,\u00a0Week 6, \u00a0Week 7, \u00a0Week 8, Week 9, Week 10, Week 11, Week 12, Week 13, Week 14, Week 15. \u00a0 Exercises\u00a0lead by Dr. A. Tripolt (Room: <a class=\"read-more\" href=\"https:\/\/astro.uni-frankfurt.de\/rezzolla\/theoretische-physik-i\/\">READ MORE<\/a><\/p>\n","protected":false},"author":2,"featured_media":0,"parent":0,"menu_order":0,"comment_status":"closed","ping_status":"closed","template":"","meta":{"jetpack_post_was_ever_published":false,"footnotes":""},"class_list":["post-1274","page","type-page","status-publish","hentry"],"jetpack_sharing_enabled":true,"jetpack_shortlink":"https:\/\/wp.me\/P65h2i-ky","jetpack-related-posts":[],"_links":{"self":[{"href":"https:\/\/astro.uni-frankfurt.de\/rezzolla\/wp-json\/wp\/v2\/pages\/1274","targetHints":{"allow":["GET"]}}],"collection":[{"href":"https:\/\/astro.uni-frankfurt.de\/rezzolla\/wp-json\/wp\/v2\/pages"}],"about":[{"href":"https:\/\/astro.uni-frankfurt.de\/rezzolla\/wp-json\/wp\/v2\/types\/page"}],"author":[{"embeddable":true,"href":"https:\/\/astro.uni-frankfurt.de\/rezzolla\/wp-json\/wp\/v2\/users\/2"}],"replies":[{"embeddable":true,"href":"https:\/\/astro.uni-frankfurt.de\/rezzolla\/wp-json\/wp\/v2\/comments?post=1274"}],"version-history":[{"count":38,"href":"https:\/\/astro.uni-frankfurt.de\/rezzolla\/wp-json\/wp\/v2\/pages\/1274\/revisions"}],"predecessor-version":[{"id":1370,"href":"https:\/\/astro.uni-frankfurt.de\/rezzolla\/wp-json\/wp\/v2\/pages\/1274\/revisions\/1370"}],"wp:attachment":[{"href":"https:\/\/astro.uni-frankfurt.de\/rezzolla\/wp-json\/wp\/v2\/media?parent=1274"}],"curies":[{"name":"wp","href":"https:\/\/api.w.org\/{rel}","templated":true}]}}